{"id":9,"date":"2023-06-03T14:09:03","date_gmt":"2023-06-03T14:09:03","guid":{"rendered":"https:\/\/tristan.thietz.de\/?page_id=9"},"modified":"2025-01-24T18:56:59","modified_gmt":"2025-01-24T18:56:59","slug":"uber-mich","status":"publish","type":"page","link":"https:\/\/tristan.thietz.de\/?page_id=9","title":{"rendered":"\u00dcber mich"},"content":{"rendered":"\n<p>Ich bin Tristan Thietz, Film- und Medienwissenschaftler und in meiner Freizeit journalistisch unterwegs. Ich habe im internationalen Master Film und audiovisuelle Medien in Bochum, Paris und Montr\u00e9al studiert, neben und nach dem Studium im Journalismus, im Marketing und in der Filmproduktion gearbeitet und Filme gedreht. Meine Interessensschwerpunkte sind Medienpsychologie, Mediensysteme und Medienepistemologie sowie das amerikanische, deutsche und franz\u00f6sische Kino der 1920er, sp\u00e4ten 1950er und 1960er Jahre sowie der Gegenwart. In diesem Blog mache ich ausgesuchte Texte zug\u00e4nglich, zum einen aktuelle Essays, zum anderen Rezensionen zu alten und neuen Filmen. In der der Kategorie &#8222;Archiv&#8220; findet ihr aber auch Schriftproben aus den vergangenen Jahren.<\/p>\n","protected":false},"excerpt":{"rendered":"<p>Ich bin Tristan Thietz, Film- und Medienwissenschaftler und in meiner Freizeit journalistisch unterwegs. Ich habe im internationalen Master Film und audiovisuelle Medien in Bochum, Paris und Montr\u00e9al studiert, neben und nach dem Studium im Journalismus, im Marketing und in der Filmproduktion gearbeitet und Filme gedreht. Meine Interessensschwerpunkte sind Medienpsychologie, Mediensysteme und Medienepistemologie sowie das amerikanische, [&hellip;]<\/p>\n","protected":false},"author":1,"featured_media":0,"parent":0,"menu_order":0,"comment_status":"closed","ping_status":"closed","template":"","meta":{"footnotes":""},"class_list":["post-9","page","type-page","status-publish","hentry"],"_links":{"self":[{"href":"https:\/\/tristan.thietz.de\/index.php?rest_route=\/wp\/v2\/pages\/9","targetHints":{"allow":["GET"]}}],"collection":[{"href":"https:\/\/tristan.thietz.de\/index.php?rest_route=\/wp\/v2\/pages"}],"about":[{"href":"https:\/\/tristan.thietz.de\/index.php?rest_route=\/wp\/v2\/types\/page"}],"author":[{"embeddable":true,"href":"https:\/\/tristan.thietz.de\/index.php?rest_route=\/wp\/v2\/users\/1"}],"replies":[{"embeddable":true,"href":"https:\/\/tristan.thietz.de\/index.php?rest_route=%2Fwp%2Fv2%2Fcomments&post=9"}],"version-history":[{"count":10,"href":"https:\/\/tristan.thietz.de\/index.php?rest_route=\/wp\/v2\/pages\/9\/revisions"}],"predecessor-version":[{"id":133,"href":"https:\/\/tristan.thietz.de\/index.php?rest_route=\/wp\/v2\/pages\/9\/revisions\/133"}],"wp:attachment":[{"href":"https:\/\/tristan.thietz.de\/index.php?rest_route=%2Fwp%2Fv2%2Fmedia&parent=9"}],"curies":[{"name":"wp","href":"https:\/\/api.w.org\/{rel}","templated":true}]}}